{"id":761,"date":"2022-05-23T13:23:41","date_gmt":"2022-05-23T11:23:41","guid":{"rendered":"https:\/\/joycarmotor.com\/?page_id=761"},"modified":"2022-05-23T17:48:16","modified_gmt":"2022-05-23T15:48:16","slug":"aviso-legal","status":"publish","type":"page","link":"https:\/\/joycarmotor.com\/index.php\/aviso-legal\/","title":{"rendered":"Aviso Legal"},"content":{"rendered":"\t\t<div data-elementor-type=\"wp-page\" data-elementor-id=\"761\" class=\"elementor elementor-761\">\n\t\t\t\t\t\t\t\t\t<section class=\"elementor-section elementor-top-section elementor-element elementor-element-923ae34 elementor-section-boxed elementor-section-height-default elementor-section-height-default\" data-id=\"923ae34\" data-element_type=\"section\">\n\t\t\t\t\t\t<div class=\"elementor-container elementor-column-gap-default\">\n\t\t\t\t\t<div class=\"elementor-column elementor-col-100 elementor-top-column elementor-element elementor-element-b4056d1\" data-id=\"b4056d1\" data-element_type=\"column\">\n\t\t\t<div class=\"elementor-widget-wrap\">\n\t\t\t\t\t\t\t\t\t<\/div>\n\t\t<\/div>\n\t\t\t\t\t\t\t<\/div>\n\t\t<\/section>\n\t\t\t\t<section class=\"elementor-section elementor-top-section elementor-element elementor-element-005f72a elementor-section-content-middle elementor-section-boxed elementor-section-height-default elementor-section-height-default\" data-id=\"005f72a\" data-element_type=\"section\" data-settings=\"{&quot;background_background&quot;:&quot;slideshow&quot;,&quot;background_slideshow_gallery&quot;:[{&quot;id&quot;:674,&quot;url&quot;:&quot;http:\\\/\\\/joycarmotor.com\\\/wp-content\\\/uploads\\\/2022\\\/05\\\/IMG_20211112_184414-scaled.jpg&quot;},{&quot;id&quot;:670,&quot;url&quot;:&quot;http:\\\/\\\/joycarmotor.com\\\/wp-content\\\/uploads\\\/2022\\\/05\\\/IMG_20220216_172932-scaled.jpg&quot;},{&quot;id&quot;:679,&quot;url&quot;:&quot;http:\\\/\\\/joycarmotor.com\\\/wp-content\\\/uploads\\\/2022\\\/05\\\/IMG_8680-scaled.jpg&quot;},{&quot;id&quot;:683,&quot;url&quot;:&quot;http:\\\/\\\/joycarmotor.com\\\/wp-content\\\/uploads\\\/2022\\\/05\\\/IMG_8167-scaled.jpg&quot;},{&quot;id&quot;:680,&quot;url&quot;:&quot;http:\\\/\\\/joycarmotor.com\\\/wp-content\\\/uploads\\\/2022\\\/05\\\/IMG_8148-scaled.jpg&quot;},{&quot;id&quot;:678,&quot;url&quot;:&quot;http:\\\/\\\/joycarmotor.com\\\/wp-content\\\/uploads\\\/2022\\\/05\\\/invicta_electric_1621325977196.jpg&quot;},{&quot;id&quot;:681,&quot;url&quot;:&quot;http:\\\/\\\/joycarmotor.com\\\/wp-content\\\/uploads\\\/2022\\\/05\\\/IMG_8177-scaled.jpg&quot;},{&quot;id&quot;:682,&quot;url&quot;:&quot;http:\\\/\\\/joycarmotor.com\\\/wp-content\\\/uploads\\\/2022\\\/05\\\/IMG_8182-scaled.jpg&quot;},{&quot;id&quot;:684,&quot;url&quot;:&quot;http:\\\/\\\/joycarmotor.com\\\/wp-content\\\/uploads\\\/2022\\\/05\\\/IMG_8098-scaled.jpg&quot;},{&quot;id&quot;:685,&quot;url&quot;:&quot;http:\\\/\\\/joycarmotor.com\\\/wp-content\\\/uploads\\\/2022\\\/05\\\/IMG_9530-scaled.jpg&quot;},{&quot;id&quot;:692,&quot;url&quot;:&quot;http:\\\/\\\/joycarmotor.com\\\/wp-content\\\/uploads\\\/2022\\\/05\\\/IMG_9538-scaled.jpg&quot;},{&quot;id&quot;:687,&quot;url&quot;:&quot;http:\\\/\\\/joycarmotor.com\\\/wp-content\\\/uploads\\\/2022\\\/05\\\/IMG_9508-scaled.jpg&quot;},{&quot;id&quot;:688,&quot;url&quot;:&quot;http:\\\/\\\/joycarmotor.com\\\/wp-content\\\/uploads\\\/2022\\\/05\\\/IMG_9519-scaled.jpg&quot;},{&quot;id&quot;:686,&quot;url&quot;:&quot;http:\\\/\\\/joycarmotor.com\\\/wp-content\\\/uploads\\\/2022\\\/05\\\/IMG_9465-scaled.jpg&quot;},{&quot;id&quot;:696,&quot;url&quot;:&quot;http:\\\/\\\/joycarmotor.com\\\/wp-content\\\/uploads\\\/2022\\\/05\\\/IMG_9550-scaled.jpg&quot;},{&quot;id&quot;:704,&quot;url&quot;:&quot;http:\\\/\\\/joycarmotor.com\\\/wp-content\\\/uploads\\\/2022\\\/05\\\/IMG_9940-scaled.jpg&quot;},{&quot;id&quot;:703,&quot;url&quot;:&quot;http:\\\/\\\/joycarmotor.com\\\/wp-content\\\/uploads\\\/2022\\\/05\\\/IMG_9881-scaled.jpg&quot;},{&quot;id&quot;:701,&quot;url&quot;:&quot;http:\\\/\\\/joycarmotor.com\\\/wp-content\\\/uploads\\\/2022\\\/05\\\/IMG_9869-scaled.jpg&quot;},{&quot;id&quot;:702,&quot;url&quot;:&quot;http:\\\/\\\/joycarmotor.com\\\/wp-content\\\/uploads\\\/2022\\\/05\\\/IMG_9876-scaled.jpg&quot;}],&quot;background_slideshow_loop&quot;:&quot;yes&quot;,&quot;background_slideshow_slide_duration&quot;:5000,&quot;background_slideshow_slide_transition&quot;:&quot;fade&quot;,&quot;background_slideshow_transition_duration&quot;:500}\">\n\t\t\t\t\t\t\t<div class=\"elementor-background-overlay\"><\/div>\n\t\t\t\t\t\t\t<div class=\"elementor-container elementor-column-gap-no\">\n\t\t\t\t\t<div class=\"elementor-column elementor-col-100 elementor-top-column elementor-element elementor-element-ca4aa4c\" data-id=\"ca4aa4c\" data-element_type=\"column\" data-settings=\"{&quot;background_background&quot;:&quot;classic&quot;}\">\n\t\t\t<div class=\"elementor-widget-wrap elementor-element-populated\">\n\t\t\t\t\t\t\t\t<div class=\"elementor-element elementor-element-190c02b elementor-widget elementor-widget-heading\" data-id=\"190c02b\" data-element_type=\"widget\" data-widget_type=\"heading.default\">\n\t\t\t\t<div class=\"elementor-widget-container\">\n\t\t\t<style>\/*! elementor - v3.16.0 - 13-09-2023 *\/\n.elementor-heading-title{padding:0;margin:0;line-height:1}.elementor-widget-heading .elementor-heading-title[class*=elementor-size-]>a{color:inherit;font-size:inherit;line-height:inherit}.elementor-widget-heading .elementor-heading-title.elementor-size-small{font-size:15px}.elementor-widget-heading .elementor-heading-title.elementor-size-medium{font-size:19px}.elementor-widget-heading .elementor-heading-title.elementor-size-large{font-size:29px}.elementor-widget-heading .elementor-heading-title.elementor-size-xl{font-size:39px}.elementor-widget-heading .elementor-heading-title.elementor-size-xxl{font-size:59px}<\/style><h2 class=\"elementor-heading-title elementor-size-default\">AVISO LEGAL<\/h2>\t\t<\/div>\n\t\t\t\t<\/div>\n\t\t\t\t<section class=\"elementor-section elementor-inner-section elementor-element elementor-element-b76ed52 elementor-section-boxed elementor-section-height-default elementor-section-height-default\" data-id=\"b76ed52\" data-element_type=\"section\">\n\t\t\t\t\t\t<div class=\"elementor-container elementor-column-gap-default\">\n\t\t\t\t\t<div class=\"elementor-column elementor-col-50 elementor-inner-column elementor-element elementor-element-a8fe3d5\" data-id=\"a8fe3d5\" data-element_type=\"column\">\n\t\t\t<div class=\"elementor-widget-wrap elementor-element-populated\">\n\t\t\t\t\t\t\t\t<div class=\"elementor-element elementor-element-657d59f elementor-widget elementor-widget-text-editor\" data-id=\"657d59f\" data-element_type=\"widget\" data-widget_type=\"text-editor.default\">\n\t\t\t\t<div class=\"elementor-widget-container\">\n\t\t\t<style>\/*! elementor - v3.16.0 - 13-09-2023 *\/\n.elementor-widget-text-editor.elementor-drop-cap-view-stacked .elementor-drop-cap{background-color:#69727d;color:#fff}.elementor-widget-text-editor.elementor-drop-cap-view-framed .elementor-drop-cap{color:#69727d;border:3px solid;background-color:transparent}.elementor-widget-text-editor:not(.elementor-drop-cap-view-default) .elementor-drop-cap{margin-top:8px}.elementor-widget-text-editor:not(.elementor-drop-cap-view-default) .elementor-drop-cap-letter{width:1em;height:1em}.elementor-widget-text-editor .elementor-drop-cap{float:left;text-align:center;line-height:1;font-size:50px}.elementor-widget-text-editor .elementor-drop-cap-letter{display:inline-block}<\/style>\t\t\t\t<p>Por favor, lea todos los apartados del presente Aviso Legal antes de utilizar este sitio web. Las siguientes condiciones son vinculantes para cualquier usuario del mismo. <br \/>En cumplimiento con el deber de informaci\u00f3n dispuesto en la Ley 34\/2002 de Servicios de la Sociedad de la Informaci\u00f3n y el Comercio Electr\u00f3nico (LSSI-CE) de 11 de julio, se facilitan a continuaci\u00f3n los siguientes datos de informaci\u00f3n general de este sitio web.<br \/>La raz\u00f3n de este texto es explicarle de manera detallada las funcionalidades de esta web y aportarle aquella informaci\u00f3n relacionada con el titular de la web y la finalidad de los contenidos incluidos en ella.<\/p><p><b>DATOS IDENTIFICACI\u00d3N<br \/><\/b>El presente Aviso Legal regula el uso del servicio del sitio web inform\u00e1ndole en cumplimiento de la Ley 34\/2002, de 11 de julio, de Servicios de la Sociedad de la Informaci\u00f3n y de Comercio Electr\u00f3nico, de los siguientes extremos:<br \/>Denominaci\u00f3n social: JOYCAR MOTOR SL<br \/>Domicilio Social: Av. del Palmar, 577, 30152, Murcia, MURCIA<br \/>Correo Electr\u00f3nico: <br \/>Tel\u00e9fono de contacto: 868681100<br \/>C\u00f3digo de Identificaci\u00f3n Fiscal (CIF): B05566328<br \/>Datos Registrales: Registro Mercantil de Murcia, Tomo 3441, Libro 302, Folio 159, Secci\u00f3n 8, Hoja MU-101326, inscripci\u00f3n 1.<\/p><p><b>USO DEL SITIO WEB Y OBLIGACIONES DE LOS USUARIOS<\/b><br \/>El usuario se compromete a utilizar el sitio web, el contenido y servicios, sin contravenir la legislaci\u00f3n vigente, los usos generalmente aceptados y el orden p\u00fablico. Queda prohibido el uso del sitio web con fines il\u00edcitos o lesivos contra JOYCAR MOTOR SL o un tercero, que, de cualquier forma, puedan causar perjuicio o impedir el normal uso del sitio web.<br \/>JOYCAR MOTOR SL garantiza que los contenidos y servicios que ofrece el portal respetan el principio de dignidad de la persona, de protecci\u00f3n de la juventud y la infancia, de no-discriminaci\u00f3n por motivos de raza, sexo, religi\u00f3n, opini\u00f3n, nacionalidad, discapacidad o cualquier otro aspecto personal y social.<br \/>Las presentes Condiciones Generales de Uso del sitio web no confieren al usuario ning\u00fan otro derecho de uso, alteraci\u00f3n, explotaci\u00f3n, reproducci\u00f3n, distribuci\u00f3n o comunicaci\u00f3n p\u00fablica de los contenidos del sitio web distintos de los aqu\u00ed expresamente previstos.<\/p><p>Los contenidos (informaci\u00f3n, archivos de sonido y\/o imagen, fotograf\u00edas, dise\u00f1os, etc.) recogidos en el portal, son propiedad de JOYCAR MOTOR SL o la misma se encuentra debidamente autorizada para su difusi\u00f3n por sus leg\u00edtimos titulares.<br \/>JOYCAR MOTOR SL se compromete a no realizar publicidad enga\u00f1osa y por tanto, queda prohibido:<br \/>\u2022 El uso para todo tipo de fines comerciales o publicitarios, distintos de los estrictamente permitidos.<br \/>\u2022 Su reproducci\u00f3n, publicaci\u00f3n, distribuci\u00f3n o modificaci\u00f3n, total o parcial a menos que se cuente con la autorizaci\u00f3n previa y por escrito de sus leg\u00edtimos titulares o resulte legalmente permitido.<br \/>\u2022 Cualquier vulneraci\u00f3n de los derechos de JOYCAR MOTOR SL o de sus leg\u00edtimos titulares sobre los mismos.<\/p><p><b>PROPIEDAD INTELECTUAL E INDUSTRIAL<br \/><\/b>El usuario reconoce y acepta que todos los derechos de propiedad industrial e intelectual sobre los contenidos y\/o cualesquiera otros elementos insertados en el sitio web pertenecen a JOYCAR MOTOR SL o la misma se encuentra debidamente autorizada para su difusi\u00f3n en el presente website.<br \/>En el caso de que un usuario o un tercero consideren que se ha producido una violaci\u00f3n de sus leg\u00edtimos derechos de propiedad intelectual por la introducci\u00f3n de un determinado contenido en el website, deber\u00e1 notificar dicha circunstancia a JOYCAR MOTOR SL indicando:<br \/>\u2022 Datos del titular de los derechos presuntamente infringidos, o indicar la representaci\u00f3n con la que act\u00faa en caso de que la reclamaci\u00f3n la presente un tercero distinto del interesado.<br \/>\u2022 Se\u00f1alar los contenidos protegidos por los derechos de propiedad intelectual y su ubicaci\u00f3n en el Web, la acreditaci\u00f3n de los derechos de propiedad intelectual se\u00f1alados y declaraci\u00f3n expresa en la que el interesado se responsabiliza de la veracidad de las informaciones facilitadas en la notificaci\u00f3n.<\/p>\t\t\t\t\t\t<\/div>\n\t\t\t\t<\/div>\n\t\t\t\t\t<\/div>\n\t\t<\/div>\n\t\t\t\t<div class=\"elementor-column elementor-col-50 elementor-inner-column elementor-element elementor-element-a6a6897\" data-id=\"a6a6897\" data-element_type=\"column\">\n\t\t\t<div class=\"elementor-widget-wrap elementor-element-populated\">\n\t\t\t\t\t\t\t\t<div class=\"elementor-element elementor-element-45194ca elementor-widget elementor-widget-text-editor\" data-id=\"45194ca\" data-element_type=\"widget\" data-widget_type=\"text-editor.default\">\n\t\t\t\t<div class=\"elementor-widget-container\">\n\t\t\t\t\t\t\t<p><b>ENLACES <br \/><\/b>El presente sitio web proporciona enlaces a otros sitios web propios y contenidos que son propiedad de terceros. <br \/>El \u00fanico objeto de los enlaces es proporcionar al usuario la posibilidad de acceder a dichos enlaces. JOYCAR MOTOR SL no se responsabiliza en ning\u00fan caso de los resultados que puedan derivarse al usuario por el acceso a dichos enlaces.<br \/>El usuario que se proponga establecer cualquier dispositivo t\u00e9cnico de enlace desde su sitio web al portal deber\u00e1 obtener la autorizaci\u00f3n previa y escrita de JOYCAR MOTOR SL. El establecimiento del enlace no implica en ning\u00fan caso la existencia de relaciones entre JOYCAR MOTOR SL y el propietario del sitio en el que se establezca el enlace, ni la aceptaci\u00f3n o aprobaci\u00f3n por parte de JOYCAR MOTOR SL de sus contenidos o servicios.<br \/>El sitio web en el que se establezca el enlace no contendr\u00e1 ninguna marca, denominaci\u00f3n, logotipo, eslogan u otros signos distintivos pertenecientes a JOYCAR MOTOR SL, salvo los expresamente autorizados.<\/p><p><b>MODIFICACI\u00d3N UNILATERAL Y DURACI\u00d3N <br \/><\/b>JOYCAR MOTOR SL se reserva el derecho de modificar, en cualquier momento y sin necesidad de previo aviso, la presentaci\u00f3n y configuraci\u00f3n del sitio web as\u00ed como el presente Aviso Legal.<br \/>EXCLUSI\u00d3N DE GARANT\u00cdAS Y RESPONSABILIDAD <br \/>JOYCAR MOTOR SL no otorga ninguna garant\u00eda ni se hace responsable, en ning\u00fan caso, de los da\u00f1os y perjuicios de cualquier naturaleza que pudieran acarrear a causa de:<br \/>\u2022 La falta disponibilidad, mantenimiento y efectivo funcionamiento del Web y\/o de sus servicios o contenidos.<br \/>\u2022 La existencia de virus, programas maliciosos o lesivos en los contenidos.<br \/>\u2022 El uso il\u00edcito, negligente, fraudulento, contrario a las presentes condiciones, a la buena fe, a los usos generalmente aceptados o al orden p\u00fablico, del sitio Web, sus servicios o contenidos, por parte de los usuarios.<br \/>TRATAMIENTO DE DATOS PERSONALES <br \/>JOYCAR MOTOR SL tal y como recoge en su \u201cPOL\u00cdTICA DE PRIVACIDAD\u201d que puede consultar en este sitio web, ha adoptado los niveles de seguridad adecuados a los datos que trata y gestiona, incorporando todos los medios y medidas t\u00e9cnicas a su alcance para garantizar su confidencialidad, evitar su mal uso, p\u00e9rdida, alteraci\u00f3n, acceso no autorizado y robo.<br \/><b><br \/><\/b><\/p><p><b>LEGISLACI\u00d3N APLICABLE Y JURISDICCI\u00d3N <br \/><\/b>Para la resoluci\u00f3n de todas las controversias o cuestiones relacionadas con el presente sitio web o de las actividades en \u00e9l desarrolladas, ser\u00e1 de aplicaci\u00f3n la legislaci\u00f3n espa\u00f1ola, a la que se someten expresamente las partes, siendo competentes para la resoluci\u00f3n de todos los conflictos derivados o relacionados con su uso, los Juzgados y Tribunales del domicilio del demandante que se identifique como consumidor, en caso contrario los Juzgados y Tribunales competentes ser\u00e1n los de la ciudad de MURCIA (Espa\u00f1a).<\/p><p><b>CONTACTO <\/b><br \/>En caso de que cualquier usuario tuviese alguna duda acerca del presente aviso legal o cualquier comentario sobre el mismo puede dirigirse a o enviar una comunicaci\u00f3n escrita a la direcci\u00f3n que consta en el encabezado.<\/p>\t\t\t\t\t\t<\/div>\n\t\t\t\t<\/div>\n\t\t\t\t\t<\/div>\n\t\t<\/div>\n\t\t\t\t\t\t\t<\/div>\n\t\t<\/section>\n\t\t\t\t\t<\/div>\n\t\t<\/div>\n\t\t\t\t\t\t\t<\/div>\n\t\t<\/section>\n\t\t\t\t\t\t\t<\/div>\n\t\t","protected":false},"excerpt":{"rendered":"<p>AVISO LEGAL Por favor, lea todos los apartados del presente Aviso Legal antes de utilizar este sitio web. Las siguientes condiciones son vinculantes para cualquier usuario del mismo. En cumplimiento con el deber de informaci\u00f3n dispuesto en la Ley 34\/2002 de Servicios de la Sociedad de la Informaci\u00f3n y el Comercio Electr\u00f3nico (LSSI-CE) de 11 &hellip;<\/p>\n<p class=\"read-more\"> <a class=\"\" href=\"https:\/\/joycarmotor.com\/index.php\/aviso-legal\/\"> <span class=\"screen-reader-text\">Aviso Legal<\/span> Leer m\u00e1s &raquo;<\/a><\/p>\n","protected":false},"author":1,"featured_media":0,"parent":0,"menu_order":0,"comment_status":"closed","ping_status":"closed","template":"","meta":{"site-sidebar-layout":"no-sidebar","site-content-layout":"page-builder","ast-site-content-layout":"","site-content-style":"default","site-sidebar-style":"default","ast-global-header-display":"","ast-banner-title-visibility":"","ast-main-header-display":"","ast-hfb-above-header-display":"","ast-hfb-below-header-display":"","ast-hfb-mobile-header-display":"","site-post-title":"disabled","ast-breadcrumbs-content":"","ast-featured-img":"disabled","footer-sml-layout":"","theme-transparent-header-meta":"","adv-header-id-meta":"","stick-header-meta":"","header-above-stick-meta":"","header-main-stick-meta":"","header-below-stick-meta":"","astra-migrate-meta-layouts":"","footnotes":""},"class_list":["post-761","page","type-page","status-publish","hentry"],"yoast_head":"<!-- This site is optimized with the Yoast SEO plugin v21.0 - https:\/\/yoast.com\/wordpress\/plugins\/seo\/ -->\n<title>Aviso Legal - Joycar Motor<\/title>\n<meta name=\"robots\" content=\"index, follow, max-snippet:-1, max-image-preview:large, max-video-preview:-1\" \/>\n<link rel=\"canonical\" href=\"https:\/\/joycarmotor.com\/index.php\/aviso-legal\/\" \/>\n<meta property=\"og:locale\" content=\"es_ES\" \/>\n<meta property=\"og:type\" content=\"article\" \/>\n<meta property=\"og:title\" content=\"Aviso Legal - Joycar Motor\" \/>\n<meta property=\"og:description\" content=\"AVISO LEGAL Por favor, lea todos los apartados del presente Aviso Legal antes de utilizar este sitio web. Las siguientes condiciones son vinculantes para cualquier usuario del mismo. En cumplimiento con el deber de informaci\u00f3n dispuesto en la Ley 34\/2002 de Servicios de la Sociedad de la Informaci\u00f3n y el Comercio Electr\u00f3nico (LSSI-CE) de 11 &hellip; Aviso Legal Leer m\u00e1s &raquo;\" \/>\n<meta property=\"og:url\" content=\"https:\/\/joycarmotor.com\/index.php\/aviso-legal\/\" \/>\n<meta property=\"og:site_name\" content=\"Joycar Motor\" \/>\n<meta property=\"article:publisher\" content=\"https:\/\/www.facebook.com\/InvictaElectricMurcia\" \/>\n<meta property=\"article:modified_time\" content=\"2022-05-23T15:48:16+00:00\" \/>\n<meta name=\"twitter:card\" content=\"summary_large_image\" \/>\n<meta name=\"twitter:site\" content=\"@InvictaMurcia\" \/>\n<meta name=\"twitter:label1\" content=\"Tiempo de lectura\" \/>\n\t<meta name=\"twitter:data1\" content=\"6 minutos\" \/>\n<script type=\"application\/ld+json\" class=\"yoast-schema-graph\">{\"@context\":\"https:\/\/schema.org\",\"@graph\":[{\"@type\":\"WebPage\",\"@id\":\"https:\/\/joycarmotor.com\/index.php\/aviso-legal\/\",\"url\":\"https:\/\/joycarmotor.com\/index.php\/aviso-legal\/\",\"name\":\"Aviso Legal - Joycar Motor\",\"isPartOf\":{\"@id\":\"https:\/\/joycarmotor.com\/#website\"},\"datePublished\":\"2022-05-23T11:23:41+00:00\",\"dateModified\":\"2022-05-23T15:48:16+00:00\",\"breadcrumb\":{\"@id\":\"https:\/\/joycarmotor.com\/index.php\/aviso-legal\/#breadcrumb\"},\"inLanguage\":\"es\",\"potentialAction\":[{\"@type\":\"ReadAction\",\"target\":[\"https:\/\/joycarmotor.com\/index.php\/aviso-legal\/\"]}]},{\"@type\":\"BreadcrumbList\",\"@id\":\"https:\/\/joycarmotor.com\/index.php\/aviso-legal\/#breadcrumb\",\"itemListElement\":[{\"@type\":\"ListItem\",\"position\":1,\"name\":\"Portada\",\"item\":\"https:\/\/joycarmotor.com\/\"},{\"@type\":\"ListItem\",\"position\":2,\"name\":\"Aviso Legal\"}]},{\"@type\":\"WebSite\",\"@id\":\"https:\/\/joycarmotor.com\/#website\",\"url\":\"https:\/\/joycarmotor.com\/\",\"name\":\"Joycar Motor\",\"description\":\"Veh\u00edculos adaptados a ti - Veh\u00edculos El\u00e9ctricos en Murcia\",\"publisher\":{\"@id\":\"https:\/\/joycarmotor.com\/#organization\"},\"potentialAction\":[{\"@type\":\"SearchAction\",\"target\":{\"@type\":\"EntryPoint\",\"urlTemplate\":\"https:\/\/joycarmotor.com\/?s={search_term_string}\"},\"query-input\":\"required name=search_term_string\"}],\"inLanguage\":\"es\"},{\"@type\":\"Organization\",\"@id\":\"https:\/\/joycarmotor.com\/#organization\",\"name\":\"Joycar Motor\",\"alternateName\":\"Invicta Electric by Joycar Motor\",\"url\":\"https:\/\/joycarmotor.com\/\",\"logo\":{\"@type\":\"ImageObject\",\"inLanguage\":\"es\",\"@id\":\"https:\/\/joycarmotor.com\/#\/schema\/logo\/image\/\",\"url\":\"https:\/\/joycarmotor.com\/wp-content\/uploads\/2022\/04\/cropped-LOGO_JOYCARMOTOR_1x1_icon-1.png\",\"contentUrl\":\"https:\/\/joycarmotor.com\/wp-content\/uploads\/2022\/04\/cropped-LOGO_JOYCARMOTOR_1x1_icon-1.png\",\"width\":221,\"height\":221,\"caption\":\"Joycar Motor\"},\"image\":{\"@id\":\"https:\/\/joycarmotor.com\/#\/schema\/logo\/image\/\"},\"sameAs\":[\"https:\/\/www.facebook.com\/InvictaElectricMurcia\",\"https:\/\/twitter.com\/InvictaMurcia\"]}]}<\/script>\n<!-- \/ Yoast SEO plugin. -->","yoast_head_json":{"title":"Aviso Legal - Joycar Motor","robots":{"index":"index","follow":"follow","max-snippet":"max-snippet:-1","max-image-preview":"max-image-preview:large","max-video-preview":"max-video-preview:-1"},"canonical":"https:\/\/joycarmotor.com\/index.php\/aviso-legal\/","og_locale":"es_ES","og_type":"article","og_title":"Aviso Legal - Joycar Motor","og_description":"AVISO LEGAL Por favor, lea todos los apartados del presente Aviso Legal antes de utilizar este sitio web. Las siguientes condiciones son vinculantes para cualquier usuario del mismo. En cumplimiento con el deber de informaci\u00f3n dispuesto en la Ley 34\/2002 de Servicios de la Sociedad de la Informaci\u00f3n y el Comercio Electr\u00f3nico (LSSI-CE) de 11 &hellip; Aviso Legal Leer m\u00e1s &raquo;","og_url":"https:\/\/joycarmotor.com\/index.php\/aviso-legal\/","og_site_name":"Joycar Motor","article_publisher":"https:\/\/www.facebook.com\/InvictaElectricMurcia","article_modified_time":"2022-05-23T15:48:16+00:00","twitter_card":"summary_large_image","twitter_site":"@InvictaMurcia","twitter_misc":{"Tiempo de lectura":"6 minutos"},"schema":{"@context":"https:\/\/schema.org","@graph":[{"@type":"WebPage","@id":"https:\/\/joycarmotor.com\/index.php\/aviso-legal\/","url":"https:\/\/joycarmotor.com\/index.php\/aviso-legal\/","name":"Aviso Legal - Joycar Motor","isPartOf":{"@id":"https:\/\/joycarmotor.com\/#website"},"datePublished":"2022-05-23T11:23:41+00:00","dateModified":"2022-05-23T15:48:16+00:00","breadcrumb":{"@id":"https:\/\/joycarmotor.com\/index.php\/aviso-legal\/#breadcrumb"},"inLanguage":"es","potentialAction":[{"@type":"ReadAction","target":["https:\/\/joycarmotor.com\/index.php\/aviso-legal\/"]}]},{"@type":"BreadcrumbList","@id":"https:\/\/joycarmotor.com\/index.php\/aviso-legal\/#breadcrumb","itemListElement":[{"@type":"ListItem","position":1,"name":"Portada","item":"https:\/\/joycarmotor.com\/"},{"@type":"ListItem","position":2,"name":"Aviso Legal"}]},{"@type":"WebSite","@id":"https:\/\/joycarmotor.com\/#website","url":"https:\/\/joycarmotor.com\/","name":"Joycar Motor","description":"Veh\u00edculos adaptados a ti - Veh\u00edculos El\u00e9ctricos en Murcia","publisher":{"@id":"https:\/\/joycarmotor.com\/#organization"},"potentialAction":[{"@type":"SearchAction","target":{"@type":"EntryPoint","urlTemplate":"https:\/\/joycarmotor.com\/?s={search_term_string}"},"query-input":"required name=search_term_string"}],"inLanguage":"es"},{"@type":"Organization","@id":"https:\/\/joycarmotor.com\/#organization","name":"Joycar Motor","alternateName":"Invicta Electric by Joycar Motor","url":"https:\/\/joycarmotor.com\/","logo":{"@type":"ImageObject","inLanguage":"es","@id":"https:\/\/joycarmotor.com\/#\/schema\/logo\/image\/","url":"https:\/\/joycarmotor.com\/wp-content\/uploads\/2022\/04\/cropped-LOGO_JOYCARMOTOR_1x1_icon-1.png","contentUrl":"https:\/\/joycarmotor.com\/wp-content\/uploads\/2022\/04\/cropped-LOGO_JOYCARMOTOR_1x1_icon-1.png","width":221,"height":221,"caption":"Joycar Motor"},"image":{"@id":"https:\/\/joycarmotor.com\/#\/schema\/logo\/image\/"},"sameAs":["https:\/\/www.facebook.com\/InvictaElectricMurcia","https:\/\/twitter.com\/InvictaMurcia"]}]}},"rttpg_featured_image_url":null,"rttpg_author":{"display_name":"Joycar Motor","author_link":"https:\/\/joycarmotor.com\/index.php\/author\/admin6598\/"},"rttpg_comment":0,"rttpg_category":null,"rttpg_excerpt":"AVISO LEGAL Por favor, lea todos los apartados del presente Aviso Legal antes de utilizar este sitio web. Las siguientes condiciones son vinculantes para cualquier usuario del mismo. En cumplimiento con el deber de informaci\u00f3n dispuesto en la Ley 34\/2002 de Servicios de la Sociedad de la Informaci\u00f3n y el Comercio Electr\u00f3nico (LSSI-CE) de 11&hellip;","_links":{"self":[{"href":"https:\/\/joycarmotor.com\/index.php\/wp-json\/wp\/v2\/pages\/761","targetHints":{"allow":["GET"]}}],"collection":[{"href":"https:\/\/joycarmotor.com\/index.php\/wp-json\/wp\/v2\/pages"}],"about":[{"href":"https:\/\/joycarmotor.com\/index.php\/wp-json\/wp\/v2\/types\/page"}],"author":[{"embeddable":true,"href":"https:\/\/joycarmotor.com\/index.php\/wp-json\/wp\/v2\/users\/1"}],"replies":[{"embeddable":true,"href":"https:\/\/joycarmotor.com\/index.php\/wp-json\/wp\/v2\/comments?post=761"}],"version-history":[{"count":23,"href":"https:\/\/joycarmotor.com\/index.php\/wp-json\/wp\/v2\/pages\/761\/revisions"}],"predecessor-version":[{"id":790,"href":"https:\/\/joycarmotor.com\/index.php\/wp-json\/wp\/v2\/pages\/761\/revisions\/790"}],"wp:attachment":[{"href":"https:\/\/joycarmotor.com\/index.php\/wp-json\/wp\/v2\/media?parent=761"}],"curies":[{"name":"wp","href":"https:\/\/api.w.org\/{rel}","templated":true}]}}