{"id":791,"date":"2022-06-20T10:53:01","date_gmt":"2022-06-20T08:53:01","guid":{"rendered":"https:\/\/joycarmotor.com\/?page_id=791"},"modified":"2022-06-20T13:13:13","modified_gmt":"2022-06-20T11:13:13","slug":"suscribete","status":"publish","type":"page","link":"https:\/\/joycarmotor.com\/index.php\/suscribete\/","title":{"rendered":"Suscr\u00edbete"},"content":{"rendered":"\t\t<div data-elementor-type=\"wp-page\" data-elementor-id=\"791\" class=\"elementor elementor-791\">\n\t\t\t\t\t\t\t\t\t<section class=\"elementor-section elementor-top-section elementor-element elementor-element-923ae34 elementor-section-boxed elementor-section-height-default elementor-section-height-default\" data-id=\"923ae34\" data-element_type=\"section\">\n\t\t\t\t\t\t<div class=\"elementor-container elementor-column-gap-default\">\n\t\t\t\t\t<div class=\"elementor-column elementor-col-100 elementor-top-column elementor-element elementor-element-b4056d1\" data-id=\"b4056d1\" data-element_type=\"column\">\n\t\t\t<div class=\"elementor-widget-wrap\">\n\t\t\t\t\t\t\t\t\t<\/div>\n\t\t<\/div>\n\t\t\t\t\t\t\t<\/div>\n\t\t<\/section>\n\t\t\t\t<section class=\"elementor-section elementor-top-section elementor-element elementor-element-3eccfe1 elementor-section-content-middle elementor-section-boxed elementor-section-height-default elementor-section-height-default\" data-id=\"3eccfe1\" data-element_type=\"section\" data-settings=\"{&quot;background_background&quot;:&quot;slideshow&quot;,&quot;background_slideshow_gallery&quot;:[{&quot;id&quot;:674,&quot;url&quot;:&quot;http:\\\/\\\/joycarmotor.com\\\/wp-content\\\/uploads\\\/2022\\\/05\\\/IMG_20211112_184414-scaled.jpg&quot;},{&quot;id&quot;:670,&quot;url&quot;:&quot;http:\\\/\\\/joycarmotor.com\\\/wp-content\\\/uploads\\\/2022\\\/05\\\/IMG_20220216_172932-scaled.jpg&quot;},{&quot;id&quot;:679,&quot;url&quot;:&quot;http:\\\/\\\/joycarmotor.com\\\/wp-content\\\/uploads\\\/2022\\\/05\\\/IMG_8680-scaled.jpg&quot;},{&quot;id&quot;:683,&quot;url&quot;:&quot;http:\\\/\\\/joycarmotor.com\\\/wp-content\\\/uploads\\\/2022\\\/05\\\/IMG_8167-scaled.jpg&quot;},{&quot;id&quot;:680,&quot;url&quot;:&quot;http:\\\/\\\/joycarmotor.com\\\/wp-content\\\/uploads\\\/2022\\\/05\\\/IMG_8148-scaled.jpg&quot;},{&quot;id&quot;:678,&quot;url&quot;:&quot;http:\\\/\\\/joycarmotor.com\\\/wp-content\\\/uploads\\\/2022\\\/05\\\/invicta_electric_1621325977196.jpg&quot;},{&quot;id&quot;:681,&quot;url&quot;:&quot;http:\\\/\\\/joycarmotor.com\\\/wp-content\\\/uploads\\\/2022\\\/05\\\/IMG_8177-scaled.jpg&quot;},{&quot;id&quot;:682,&quot;url&quot;:&quot;http:\\\/\\\/joycarmotor.com\\\/wp-content\\\/uploads\\\/2022\\\/05\\\/IMG_8182-scaled.jpg&quot;},{&quot;id&quot;:684,&quot;url&quot;:&quot;http:\\\/\\\/joycarmotor.com\\\/wp-content\\\/uploads\\\/2022\\\/05\\\/IMG_8098-scaled.jpg&quot;},{&quot;id&quot;:685,&quot;url&quot;:&quot;http:\\\/\\\/joycarmotor.com\\\/wp-content\\\/uploads\\\/2022\\\/05\\\/IMG_9530-scaled.jpg&quot;},{&quot;id&quot;:692,&quot;url&quot;:&quot;http:\\\/\\\/joycarmotor.com\\\/wp-content\\\/uploads\\\/2022\\\/05\\\/IMG_9538-scaled.jpg&quot;},{&quot;id&quot;:687,&quot;url&quot;:&quot;http:\\\/\\\/joycarmotor.com\\\/wp-content\\\/uploads\\\/2022\\\/05\\\/IMG_9508-scaled.jpg&quot;},{&quot;id&quot;:688,&quot;url&quot;:&quot;http:\\\/\\\/joycarmotor.com\\\/wp-content\\\/uploads\\\/2022\\\/05\\\/IMG_9519-scaled.jpg&quot;},{&quot;id&quot;:686,&quot;url&quot;:&quot;http:\\\/\\\/joycarmotor.com\\\/wp-content\\\/uploads\\\/2022\\\/05\\\/IMG_9465-scaled.jpg&quot;},{&quot;id&quot;:696,&quot;url&quot;:&quot;http:\\\/\\\/joycarmotor.com\\\/wp-content\\\/uploads\\\/2022\\\/05\\\/IMG_9550-scaled.jpg&quot;},{&quot;id&quot;:704,&quot;url&quot;:&quot;http:\\\/\\\/joycarmotor.com\\\/wp-content\\\/uploads\\\/2022\\\/05\\\/IMG_9940-scaled.jpg&quot;},{&quot;id&quot;:703,&quot;url&quot;:&quot;http:\\\/\\\/joycarmotor.com\\\/wp-content\\\/uploads\\\/2022\\\/05\\\/IMG_9881-scaled.jpg&quot;},{&quot;id&quot;:701,&quot;url&quot;:&quot;http:\\\/\\\/joycarmotor.com\\\/wp-content\\\/uploads\\\/2022\\\/05\\\/IMG_9869-scaled.jpg&quot;},{&quot;id&quot;:702,&quot;url&quot;:&quot;http:\\\/\\\/joycarmotor.com\\\/wp-content\\\/uploads\\\/2022\\\/05\\\/IMG_9876-scaled.jpg&quot;}],&quot;background_slideshow_loop&quot;:&quot;yes&quot;,&quot;background_slideshow_slide_duration&quot;:5000,&quot;background_slideshow_slide_transition&quot;:&quot;fade&quot;,&quot;background_slideshow_transition_duration&quot;:500}\">\n\t\t\t\t\t\t\t<div class=\"elementor-background-overlay\"><\/div>\n\t\t\t\t\t\t\t<div class=\"elementor-container elementor-column-gap-no\">\n\t\t\t\t\t<div class=\"elementor-column elementor-col-100 elementor-top-column elementor-element elementor-element-3d2fd85\" data-id=\"3d2fd85\" data-element_type=\"column\" data-settings=\"{&quot;background_background&quot;:&quot;classic&quot;}\">\n\t\t\t<div class=\"elementor-widget-wrap elementor-element-populated\">\n\t\t\t\t\t\t\t\t<div class=\"elementor-element elementor-element-fea479f elementor-widget elementor-widget-heading\" data-id=\"fea479f\" data-element_type=\"widget\" data-widget_type=\"heading.default\">\n\t\t\t\t<div class=\"elementor-widget-container\">\n\t\t\t<style>\/*! elementor - v3.16.0 - 13-09-2023 *\/\n.elementor-heading-title{padding:0;margin:0;line-height:1}.elementor-widget-heading .elementor-heading-title[class*=elementor-size-]>a{color:inherit;font-size:inherit;line-height:inherit}.elementor-widget-heading .elementor-heading-title.elementor-size-small{font-size:15px}.elementor-widget-heading .elementor-heading-title.elementor-size-medium{font-size:19px}.elementor-widget-heading .elementor-heading-title.elementor-size-large{font-size:29px}.elementor-widget-heading .elementor-heading-title.elementor-size-xl{font-size:39px}.elementor-widget-heading .elementor-heading-title.elementor-size-xxl{font-size:59px}<\/style><h2 class=\"elementor-heading-title elementor-size-default\">Suscr\u00edbete<\/h2>\t\t<\/div>\n\t\t\t\t<\/div>\n\t\t\t\t<div class=\"elementor-element elementor-element-d4204ff elementor-widget elementor-widget-heading\" data-id=\"d4204ff\" data-element_type=\"widget\" data-widget_type=\"heading.default\">\n\t\t\t\t<div class=\"elementor-widget-container\">\n\t\t\t<h6 class=\"elementor-heading-title elementor-size-default\">Si quieres recibir todas nuestras novedades y noticias sobre todo nuestro stock, por favor rellena el formulario:<\/h6>\t\t<\/div>\n\t\t\t\t<\/div>\n\t\t\t\t<div class=\"elementor-element elementor-element-b830def elementor-widget elementor-widget-html\" data-id=\"b830def\" data-element_type=\"widget\" data-widget_type=\"html.default\">\n\t\t\t\t<div class=\"elementor-widget-container\">\n\t\t\t<div class=\"wpforms-container \" id=\"wpforms-794\"><form id=\"wpforms-form-794\" class=\"wpforms-validate wpforms-form\" data-formid=\"794\" method=\"post\" enctype=\"multipart\/form-data\" action=\"\/index.php\/wp-json\/wp\/v2\/pages\/791\" data-token=\"f3b055b686232545d08aa8c29f9202bc\"><noscript class=\"wpforms-error-noscript\">Por favor, activa JavaScript en tu navegador para completar este formulario.<\/noscript><div class=\"wpforms-field-container\"><div id=\"wpforms-794-field_0-container\" class=\"wpforms-field wpforms-field-name\" data-field-id=\"0\"><label class=\"wpforms-field-label\" for=\"wpforms-794-field_0\">Nombre y apellidos <span class=\"wpforms-required-label\">*<\/span><\/label><input type=\"text\" id=\"wpforms-794-field_0\" class=\"wpforms-field-large wpforms-field-required\" name=\"wpforms[fields][0]\" required><\/div><div id=\"wpforms-794-field_1-container\" class=\"wpforms-field wpforms-field-email\" data-field-id=\"1\"><label class=\"wpforms-field-label\" for=\"wpforms-794-field_1\">Email <span class=\"wpforms-required-label\">*<\/span><\/label><input type=\"email\" id=\"wpforms-794-field_1\" class=\"wpforms-field-large wpforms-field-required\" name=\"wpforms[fields][1]\" spellcheck=\"false\" required><\/div><div id=\"wpforms-794-field_5-container\" class=\"wpforms-field wpforms-field-number\" data-field-id=\"5\"><label class=\"wpforms-field-label\" for=\"wpforms-794-field_5\">Tel\u00e9fono de contacto <span class=\"wpforms-required-label\">*<\/span><\/label><input type=\"number\" pattern=\"\\d*\" id=\"wpforms-794-field_5\" class=\"wpforms-field-medium wpforms-field-required\" name=\"wpforms[fields][5]\" required><\/div><div id=\"wpforms-794-field_6-container\" class=\"wpforms-field wpforms-field-checkbox\" data-field-id=\"6\"><label class=\"wpforms-field-label\" for=\"wpforms-794-field_6\">\u00bfQu\u00e9 te gusta m\u00e1s de nuestro stock? <span class=\"wpforms-required-label\">*<\/span><\/label><ul id=\"wpforms-794-field_6\" class=\"wpforms-field-required\"><li class=\"choice-1 depth-1\"><input type=\"checkbox\" id=\"wpforms-794-field_6_1\" name=\"wpforms[fields][6][]\" value=\"Coches de Invicta Electric\" required ><label class=\"wpforms-field-label-inline\" for=\"wpforms-794-field_6_1\">Coches de Invicta Electric<\/label><\/li><li class=\"choice-2 depth-1\"><input type=\"checkbox\" id=\"wpforms-794-field_6_2\" name=\"wpforms[fields][6][]\" value=\"Patinetes de Invicta Electric\" required ><label class=\"wpforms-field-label-inline\" for=\"wpforms-794-field_6_2\">Patinetes de Invicta Electric<\/label><\/li><li class=\"choice-3 depth-1\"><input type=\"checkbox\" id=\"wpforms-794-field_6_3\" name=\"wpforms[fields][6][]\" value=\"Motos de Invicta Electric\" required ><label class=\"wpforms-field-label-inline\" for=\"wpforms-794-field_6_3\">Motos de Invicta Electric<\/label><\/li><li class=\"choice-4 depth-1\"><input type=\"checkbox\" id=\"wpforms-794-field_6_4\" name=\"wpforms[fields][6][]\" value=\"Bicicletas de Invicta Electric\" required ><label class=\"wpforms-field-label-inline\" for=\"wpforms-794-field_6_4\">Bicicletas de Invicta Electric<\/label><\/li><li class=\"choice-6 depth-1\"><input type=\"checkbox\" id=\"wpforms-794-field_6_6\" name=\"wpforms[fields][6][]\" value=\"Todo\" required ><label class=\"wpforms-field-label-inline\" for=\"wpforms-794-field_6_6\">Todo<\/label><\/li><\/ul><\/div><div id=\"wpforms-794-field_7-container\" class=\"wpforms-field wpforms-field-checkbox\" data-field-id=\"7\"><label class=\"wpforms-field-label\" for=\"wpforms-794-field_7\">Deseas recibir newsletter informativas con ofertas o novedades sobre nuestro stock: <span class=\"wpforms-required-label\">*<\/span><\/label><ul id=\"wpforms-794-field_7\" class=\"wpforms-field-required\"><li class=\"choice-1 depth-1\"><input type=\"checkbox\" id=\"wpforms-794-field_7_1\" name=\"wpforms[fields][7][]\" value=\"S\u00ed\" required ><label class=\"wpforms-field-label-inline\" for=\"wpforms-794-field_7_1\">S\u00ed<\/label><\/li><li class=\"choice-2 depth-1\"><input type=\"checkbox\" id=\"wpforms-794-field_7_2\" name=\"wpforms[fields][7][]\" value=\"No\" required ><label class=\"wpforms-field-label-inline\" for=\"wpforms-794-field_7_2\">No<\/label><\/li><\/ul><\/div><div id=\"wpforms-794-field_8-container\" class=\"wpforms-field wpforms-field-checkbox\" data-field-id=\"8\"><label class=\"wpforms-field-label\" for=\"wpforms-794-field_8\">Pol\u00edtica  de Privacidad <span class=\"wpforms-required-label\">*<\/span><\/label><ul id=\"wpforms-794-field_8\" class=\"wpforms-field-required\"><li class=\"choice-1 depth-1\"><input type=\"checkbox\" id=\"wpforms-794-field_8_1\" name=\"wpforms[fields][8][]\" value=\"Aceptar\" required ><label class=\"wpforms-field-label-inline\" for=\"wpforms-794-field_8_1\">Aceptar<\/label><\/li><\/ul><div class=\"wpforms-field-description\">Leer aqu\u00ed\r\n <u><b>\r\n<a href=\"https:\/\/joycarmotor.com\/index.php\/politica-de-privacidad\/\" style=\"color:#a80000\r\n;\"> Pol\u00edtica de privacidad<\/a> <\/b><\/u><\/div><\/div><\/div><!-- .wpforms-field-container --><div class=\"wpforms-field wpforms-field-hp\"><label for=\"wpforms-794-field-hp\" class=\"wpforms-field-label\">Website<\/label><input type=\"text\" name=\"wpforms[hp]\" id=\"wpforms-794-field-hp\" class=\"wpforms-field-medium\"><\/div><div class=\"wpforms-recaptcha-container wpforms-is-recaptcha\" ><div class=\"g-recaptcha\" data-sitekey=\"6LdRCIoUAAAAAF5Y_5c55rWW-DurlCa6Xq4bkORN\"><\/div><input type=\"text\" name=\"g-recaptcha-hidden\" class=\"wpforms-recaptcha-hidden\" style=\"position:absolute!important;clip:rect(0,0,0,0)!important;height:1px!important;width:1px!important;border:0!important;overflow:hidden!important;padding:0!important;margin:0!important;\" data-rule-recaptcha=\"1\"><\/div><div class=\"wpforms-submit-container\" ><input type=\"hidden\" name=\"wpforms[id]\" value=\"794\"><input type=\"hidden\" name=\"wpforms[author]\" value=\"1\"><button type=\"submit\" name=\"wpforms[submit]\" id=\"wpforms-submit-794\" class=\"wpforms-submit\" data-alt-text=\"Enviando...\" data-submit-text=\"Suscribir\" aria-live=\"assertive\" value=\"wpforms-submit\">Suscribir<\/button><\/div><\/form><\/div>  <!-- .wpforms-container -->\t\t\t<\/div>\n\t\t\t\t<\/div>\n\t\t\t\t\t<\/div>\n\t\t<\/div>\n\t\t\t\t\t\t\t<\/div>\n\t\t<\/section>\n\t\t\t\t\t\t\t<\/div>\n\t\t","protected":false},"excerpt":{"rendered":"<p>Suscr\u00edbete Si quieres recibir todas nuestras novedades y noticias sobre todo nuestro stock, por favor rellena el formulario:<\/p>\n","protected":false},"author":1,"featured_media":0,"parent":0,"menu_order":0,"comment_status":"closed","ping_status":"closed","template":"","meta":{"site-sidebar-layout":"no-sidebar","site-content-layout":"page-builder","ast-site-content-layout":"","site-content-style":"default","site-sidebar-style":"default","ast-global-header-display":"","ast-banner-title-visibility":"","ast-main-header-display":"","ast-hfb-above-header-display":"","ast-hfb-below-header-display":"","ast-hfb-mobile-header-display":"","site-post-title":"disabled","ast-breadcrumbs-content":"","ast-featured-img":"disabled","footer-sml-layout":"","theme-transparent-header-meta":"","adv-header-id-meta":"","stick-header-meta":"","header-above-stick-meta":"","header-main-stick-meta":"","header-below-stick-meta":"","astra-migrate-meta-layouts":"","footnotes":""},"class_list":["post-791","page","type-page","status-publish","hentry"],"yoast_head":"<!-- This site is optimized with the Yoast SEO plugin v21.0 - https:\/\/yoast.com\/wordpress\/plugins\/seo\/ -->\n<title>Suscr\u00edbete - Joycar Motor<\/title>\n<meta name=\"robots\" content=\"index, follow, max-snippet:-1, max-image-preview:large, max-video-preview:-1\" \/>\n<link rel=\"canonical\" href=\"https:\/\/joycarmotor.com\/index.php\/suscribete\/\" \/>\n<meta property=\"og:locale\" content=\"es_ES\" \/>\n<meta property=\"og:type\" content=\"article\" \/>\n<meta property=\"og:title\" content=\"Suscr\u00edbete - Joycar Motor\" \/>\n<meta property=\"og:description\" content=\"Suscr\u00edbete Si quieres recibir todas nuestras novedades y noticias sobre todo nuestro stock, por favor rellena el formulario:\" \/>\n<meta property=\"og:url\" content=\"https:\/\/joycarmotor.com\/index.php\/suscribete\/\" \/>\n<meta property=\"og:site_name\" content=\"Joycar Motor\" \/>\n<meta property=\"article:publisher\" content=\"https:\/\/www.facebook.com\/InvictaElectricMurcia\" \/>\n<meta property=\"article:modified_time\" content=\"2022-06-20T11:13:13+00:00\" \/>\n<meta name=\"twitter:card\" content=\"summary_large_image\" \/>\n<meta name=\"twitter:site\" content=\"@InvictaMurcia\" \/>\n<script type=\"application\/ld+json\" class=\"yoast-schema-graph\">{\"@context\":\"https:\/\/schema.org\",\"@graph\":[{\"@type\":\"WebPage\",\"@id\":\"https:\/\/joycarmotor.com\/index.php\/suscribete\/\",\"url\":\"https:\/\/joycarmotor.com\/index.php\/suscribete\/\",\"name\":\"Suscr\u00edbete - Joycar Motor\",\"isPartOf\":{\"@id\":\"https:\/\/joycarmotor.com\/#website\"},\"datePublished\":\"2022-06-20T08:53:01+00:00\",\"dateModified\":\"2022-06-20T11:13:13+00:00\",\"breadcrumb\":{\"@id\":\"https:\/\/joycarmotor.com\/index.php\/suscribete\/#breadcrumb\"},\"inLanguage\":\"es\",\"potentialAction\":[{\"@type\":\"ReadAction\",\"target\":[\"https:\/\/joycarmotor.com\/index.php\/suscribete\/\"]}]},{\"@type\":\"BreadcrumbList\",\"@id\":\"https:\/\/joycarmotor.com\/index.php\/suscribete\/#breadcrumb\",\"itemListElement\":[{\"@type\":\"ListItem\",\"position\":1,\"name\":\"Portada\",\"item\":\"https:\/\/joycarmotor.com\/\"},{\"@type\":\"ListItem\",\"position\":2,\"name\":\"Suscr\u00edbete\"}]},{\"@type\":\"WebSite\",\"@id\":\"https:\/\/joycarmotor.com\/#website\",\"url\":\"https:\/\/joycarmotor.com\/\",\"name\":\"Joycar Motor\",\"description\":\"Veh\u00edculos adaptados a ti - Veh\u00edculos El\u00e9ctricos en Murcia\",\"publisher\":{\"@id\":\"https:\/\/joycarmotor.com\/#organization\"},\"potentialAction\":[{\"@type\":\"SearchAction\",\"target\":{\"@type\":\"EntryPoint\",\"urlTemplate\":\"https:\/\/joycarmotor.com\/?s={search_term_string}\"},\"query-input\":\"required name=search_term_string\"}],\"inLanguage\":\"es\"},{\"@type\":\"Organization\",\"@id\":\"https:\/\/joycarmotor.com\/#organization\",\"name\":\"Joycar Motor\",\"alternateName\":\"Invicta Electric by Joycar Motor\",\"url\":\"https:\/\/joycarmotor.com\/\",\"logo\":{\"@type\":\"ImageObject\",\"inLanguage\":\"es\",\"@id\":\"https:\/\/joycarmotor.com\/#\/schema\/logo\/image\/\",\"url\":\"https:\/\/joycarmotor.com\/wp-content\/uploads\/2022\/04\/cropped-LOGO_JOYCARMOTOR_1x1_icon-1.png\",\"contentUrl\":\"https:\/\/joycarmotor.com\/wp-content\/uploads\/2022\/04\/cropped-LOGO_JOYCARMOTOR_1x1_icon-1.png\",\"width\":221,\"height\":221,\"caption\":\"Joycar Motor\"},\"image\":{\"@id\":\"https:\/\/joycarmotor.com\/#\/schema\/logo\/image\/\"},\"sameAs\":[\"https:\/\/www.facebook.com\/InvictaElectricMurcia\",\"https:\/\/twitter.com\/InvictaMurcia\"]}]}<\/script>\n<!-- \/ Yoast SEO plugin. -->","yoast_head_json":{"title":"Suscr\u00edbete - Joycar Motor","robots":{"index":"index","follow":"follow","max-snippet":"max-snippet:-1","max-image-preview":"max-image-preview:large","max-video-preview":"max-video-preview:-1"},"canonical":"https:\/\/joycarmotor.com\/index.php\/suscribete\/","og_locale":"es_ES","og_type":"article","og_title":"Suscr\u00edbete - Joycar Motor","og_description":"Suscr\u00edbete Si quieres recibir todas nuestras novedades y noticias sobre todo nuestro stock, por favor rellena el formulario:","og_url":"https:\/\/joycarmotor.com\/index.php\/suscribete\/","og_site_name":"Joycar Motor","article_publisher":"https:\/\/www.facebook.com\/InvictaElectricMurcia","article_modified_time":"2022-06-20T11:13:13+00:00","twitter_card":"summary_large_image","twitter_site":"@InvictaMurcia","schema":{"@context":"https:\/\/schema.org","@graph":[{"@type":"WebPage","@id":"https:\/\/joycarmotor.com\/index.php\/suscribete\/","url":"https:\/\/joycarmotor.com\/index.php\/suscribete\/","name":"Suscr\u00edbete - Joycar Motor","isPartOf":{"@id":"https:\/\/joycarmotor.com\/#website"},"datePublished":"2022-06-20T08:53:01+00:00","dateModified":"2022-06-20T11:13:13+00:00","breadcrumb":{"@id":"https:\/\/joycarmotor.com\/index.php\/suscribete\/#breadcrumb"},"inLanguage":"es","potentialAction":[{"@type":"ReadAction","target":["https:\/\/joycarmotor.com\/index.php\/suscribete\/"]}]},{"@type":"BreadcrumbList","@id":"https:\/\/joycarmotor.com\/index.php\/suscribete\/#breadcrumb","itemListElement":[{"@type":"ListItem","position":1,"name":"Portada","item":"https:\/\/joycarmotor.com\/"},{"@type":"ListItem","position":2,"name":"Suscr\u00edbete"}]},{"@type":"WebSite","@id":"https:\/\/joycarmotor.com\/#website","url":"https:\/\/joycarmotor.com\/","name":"Joycar Motor","description":"Veh\u00edculos adaptados a ti - Veh\u00edculos El\u00e9ctricos en Murcia","publisher":{"@id":"https:\/\/joycarmotor.com\/#organization"},"potentialAction":[{"@type":"SearchAction","target":{"@type":"EntryPoint","urlTemplate":"https:\/\/joycarmotor.com\/?s={search_term_string}"},"query-input":"required name=search_term_string"}],"inLanguage":"es"},{"@type":"Organization","@id":"https:\/\/joycarmotor.com\/#organization","name":"Joycar Motor","alternateName":"Invicta Electric by Joycar Motor","url":"https:\/\/joycarmotor.com\/","logo":{"@type":"ImageObject","inLanguage":"es","@id":"https:\/\/joycarmotor.com\/#\/schema\/logo\/image\/","url":"https:\/\/joycarmotor.com\/wp-content\/uploads\/2022\/04\/cropped-LOGO_JOYCARMOTOR_1x1_icon-1.png","contentUrl":"https:\/\/joycarmotor.com\/wp-content\/uploads\/2022\/04\/cropped-LOGO_JOYCARMOTOR_1x1_icon-1.png","width":221,"height":221,"caption":"Joycar Motor"},"image":{"@id":"https:\/\/joycarmotor.com\/#\/schema\/logo\/image\/"},"sameAs":["https:\/\/www.facebook.com\/InvictaElectricMurcia","https:\/\/twitter.com\/InvictaMurcia"]}]}},"rttpg_featured_image_url":null,"rttpg_author":{"display_name":"Joycar Motor","author_link":"https:\/\/joycarmotor.com\/index.php\/author\/admin6598\/"},"rttpg_comment":0,"rttpg_category":null,"rttpg_excerpt":"Suscr\u00edbete Si quieres recibir todas nuestras novedades y noticias sobre todo nuestro stock, por favor rellena el formulario:","_links":{"self":[{"href":"https:\/\/joycarmotor.com\/index.php\/wp-json\/wp\/v2\/pages\/791","targetHints":{"allow":["GET"]}}],"collection":[{"href":"https:\/\/joycarmotor.com\/index.php\/wp-json\/wp\/v2\/pages"}],"about":[{"href":"https:\/\/joycarmotor.com\/index.php\/wp-json\/wp\/v2\/types\/page"}],"author":[{"embeddable":true,"href":"https:\/\/joycarmotor.com\/index.php\/wp-json\/wp\/v2\/users\/1"}],"replies":[{"embeddable":true,"href":"https:\/\/joycarmotor.com\/index.php\/wp-json\/wp\/v2\/comments?post=791"}],"version-history":[{"count":37,"href":"https:\/\/joycarmotor.com\/index.php\/wp-json\/wp\/v2\/pages\/791\/revisions"}],"predecessor-version":[{"id":841,"href":"https:\/\/joycarmotor.com\/index.php\/wp-json\/wp\/v2\/pages\/791\/revisions\/841"}],"wp:attachment":[{"href":"https:\/\/joycarmotor.com\/index.php\/wp-json\/wp\/v2\/media?parent=791"}],"curies":[{"name":"wp","href":"https:\/\/api.w.org\/{rel}","templated":true}]}}